{"id":7,"date":"2019-09-12T12:43:57","date_gmt":"2019-09-12T10:43:57","guid":{"rendered":"https:\/\/dh-creative-webdesign.de\/hebammenpraxis\/?page_id=7"},"modified":"2026-02-16T10:05:22","modified_gmt":"2026-02-16T09:05:22","slug":"home","status":"publish","type":"page","link":"https:\/\/hebammenpraxis-h\u00f6xter.de\/","title":{"rendered":"Home"},"content":{"rendered":"<h2>Herzlich Willkommen auf meiner Homepage.<\/h2>\n<div class=\"n module-type-text diyfeLiveArea \">\n<p><strong>Liebe werdende Eltern!<\/strong><\/p>\n<p>Ich freue mich, dass Ihr mich gefunden habt und m\u00f6chte Euch hier mich und meine Praxis vorstellen!<\/p>\n<p>Schwangerschaft, Geburt und Wochenbett&#8230; das sind ganz besondere, aufregende und emotionale Zeiten.<\/p>\n<p>Ich m\u00f6chte Euch dabei <strong>begleiten<\/strong> und <strong>helfen<\/strong>, den vielen k\u00f6rperlichen und seelischen Ver\u00e4nderungen dieser Monate mit Zuversicht und Vertrauen zu begegnen und Euch in Eurer neuen Rolle st\u00e4rken.<\/p>\n<p>Mit meinen <strong>vielf\u00e4ltigen Angebot<\/strong> unterst\u00fctze ich Euch individuell und liebevoll ab fr\u00fcher Schwangerschaft bis zum Ende der Stillzeit.<\/p>\n<p>Bei Interesse an einer Betreuung durch mich sende mir gerne eine Email oder Rufe direkt pers\u00f6nlich an.<\/p>\n<p>Ich hei\u00dfe Lena Wefers ich arbeite als <strong>freiberufliche Hebamme im Kreis H\u00f6xter und Holzminden<\/strong>.<\/p>\n<p>Regional (Radius 20 km) biete ich dir auch die Begleitung w\u00e4hrend deiner Schwangerschaft und im Wochenbett an.<\/p>\n<\/div>\n<p><span class=\"s1\">Bitte melde dich bei mir <strong>fr\u00fchzeitig<\/strong>, am besten sobald du weisst, dass du schwanger bist, unter der <\/span><\/p>\n<p><span class=\"s1\">Mobil: <a href=\"tel:015141837529\">0160 \/ 97390816<\/a><\/span><\/p>\n<p>Email: Hebamme.hoexter@gmail.com<\/p>\n<p>&nbsp;<\/p>\n<p>&nbsp;<\/p>\n","protected":false},"excerpt":{"rendered":"<p>Herzlich Willkommen auf meiner Homepage. Liebe werdende Eltern! Ich freue mich, dass Ihr mich gefunden habt und m\u00f6chte Euch hier mich und meine Praxis vorstellen! Schwangerschaft, Geburt und Wochenbett&#8230; das sind ganz besondere, aufregende und emotionale Zeiten. Ich m\u00f6chte Euch dabei begleiten und helfen, den vielen k\u00f6rperlichen und seelischen Ver\u00e4nderungen dieser Monate mit Zuversicht und [&hellip;]<\/p>\n","protected":false},"author":1,"featured_media":0,"parent":0,"menu_order":0,"comment_status":"closed","ping_status":"closed","template":"tpl-home.php","meta":{"footnotes":""},"class_list":["post-7","page","type-page","status-publish","hentry"],"_links":{"self":[{"href":"https:\/\/hebammenpraxis-h\u00f6xter.de\/index.php?rest_route=\/wp\/v2\/pages\/7","targetHints":{"allow":["GET"]}}],"collection":[{"href":"https:\/\/hebammenpraxis-h\u00f6xter.de\/index.php?rest_route=\/wp\/v2\/pages"}],"about":[{"href":"https:\/\/hebammenpraxis-h\u00f6xter.de\/index.php?rest_route=\/wp\/v2\/types\/page"}],"author":[{"embeddable":true,"href":"https:\/\/hebammenpraxis-h\u00f6xter.de\/index.php?rest_route=\/wp\/v2\/users\/1"}],"replies":[{"embeddable":true,"href":"https:\/\/hebammenpraxis-h\u00f6xter.de\/index.php?rest_route=%2Fwp%2Fv2%2Fcomments&post=7"}],"version-history":[{"count":78,"href":"https:\/\/hebammenpraxis-h\u00f6xter.de\/index.php?rest_route=\/wp\/v2\/pages\/7\/revisions"}],"predecessor-version":[{"id":447,"href":"https:\/\/hebammenpraxis-h\u00f6xter.de\/index.php?rest_route=\/wp\/v2\/pages\/7\/revisions\/447"}],"wp:attachment":[{"href":"https:\/\/hebammenpraxis-h\u00f6xter.de\/index.php?rest_route=%2Fwp%2Fv2%2Fmedia&parent=7"}],"curies":[{"name":"wp","href":"https:\/\/api.w.org\/{rel}","templated":true}]}}