{"id":9,"date":"2019-09-12T12:44:23","date_gmt":"2019-09-12T10:44:23","guid":{"rendered":"https:\/\/dh-creative-webdesign.de\/hebammenpraxis\/?page_id=9"},"modified":"2026-02-01T13:07:23","modified_gmt":"2026-02-01T12:07:23","slug":"ueber-mich","status":"publish","type":"page","link":"https:\/\/hebammenpraxis-h\u00f6xter.de\/?page_id=9","title":{"rendered":"\u00dcber mich"},"content":{"rendered":"<p><img loading=\"lazy\" decoding=\"async\" class=\"alignnone size-medium wp-image-418\" src=\"http:\/\/hebammenpraxis-h\u00f6xter.de\/wp-content\/uploads\/2026\/02\/WhatsApp-Image-2026-02-01-at-12.08.51Lena1-1-207x300.jpeg\" alt=\"\" width=\"207\" height=\"300\" srcset=\"http:\/\/hebammenpraxis-h\u00f6xter.de\/wp-content\/uploads\/2026\/02\/WhatsApp-Image-2026-02-01-at-12.08.51Lena1-1-207x300.jpeg 207w, http:\/\/hebammenpraxis-h\u00f6xter.de\/wp-content\/uploads\/2026\/02\/WhatsApp-Image-2026-02-01-at-12.08.51Lena1-1-707x1024.jpeg 707w, http:\/\/hebammenpraxis-h\u00f6xter.de\/wp-content\/uploads\/2026\/02\/WhatsApp-Image-2026-02-01-at-12.08.51Lena1-1-768x1112.jpeg 768w, http:\/\/hebammenpraxis-h\u00f6xter.de\/wp-content\/uploads\/2026\/02\/WhatsApp-Image-2026-02-01-at-12.08.51Lena1-1-297x430.jpeg 297w, http:\/\/hebammenpraxis-h\u00f6xter.de\/wp-content\/uploads\/2026\/02\/WhatsApp-Image-2026-02-01-at-12.08.51Lena1-1.jpeg 829w\" sizes=\"auto, (max-width: 207px) 100vw, 207px\" \/><img loading=\"lazy\" decoding=\"async\" class=\"alignnone size-medium wp-image-438\" src=\"http:\/\/hebammenpraxis-h\u00f6xter.de\/wp-content\/uploads\/2026\/02\/WhatsApp-Image-2026-02-01-at-12.08.22Lena5-200x300.jpeg\" alt=\"\" width=\"200\" height=\"300\" srcset=\"http:\/\/hebammenpraxis-h\u00f6xter.de\/wp-content\/uploads\/2026\/02\/WhatsApp-Image-2026-02-01-at-12.08.22Lena5-200x300.jpeg 200w, http:\/\/hebammenpraxis-h\u00f6xter.de\/wp-content\/uploads\/2026\/02\/WhatsApp-Image-2026-02-01-at-12.08.22Lena5-683x1024.jpeg 683w, http:\/\/hebammenpraxis-h\u00f6xter.de\/wp-content\/uploads\/2026\/02\/WhatsApp-Image-2026-02-01-at-12.08.22Lena5-768x1152.jpeg 768w, http:\/\/hebammenpraxis-h\u00f6xter.de\/wp-content\/uploads\/2026\/02\/WhatsApp-Image-2026-02-01-at-12.08.22Lena5-287x430.jpeg 287w, http:\/\/hebammenpraxis-h\u00f6xter.de\/wp-content\/uploads\/2026\/02\/WhatsApp-Image-2026-02-01-at-12.08.22Lena5.jpeg 800w\" sizes=\"auto, (max-width: 200px) 100vw, 200px\" \/><\/p>\n<p class=\"p1\"><strong><span class=\"s1\">Lena Wefers Hebamme aus H\u00f6xter f\u00fcr H\u00f6xter und Umgebung Holzminden.<\/span><\/strong><\/p>\n<p><strong><span class=\"s1\">Hebamme &amp; K-Taping Therapeutin<\/span><\/strong>.<\/p>\n<p>Ich biete Betreuung und Kursangebote in der Schwangerschaft, dem Wochenbett und mit Ihrem Baby.<\/p>\n<p>Mit viel Herz, fundiertem Fachwissen und gro\u00dfem Einf\u00fchlungsverm\u00f6gen begleite ich werdende Mamas und junge Familien auf ihrem ganz besonderen Weg von der Schwangerschaft bis in die erste Zeit mit ihrem Baby.<br \/>\nAls bereits sechste Hebamme in unserer Familie wurde mir die Leidenschaft f\u00fcr diesen wunderbaren Beruf quasi in die Wiege gelegt.<\/p>\n<p>Die Hebammenarbeit ist f\u00fcr mich nicht nur ein Beruf, sondern eine echte Herzensangelegenheit.<br \/>\nIn meiner eigenen Praxis im Familienzentrum begleite und betreue ich Schwangere sowie W\u00f6chnerinnen im Kreis H\u00f6xter und Holzminden und im Umkreis von etwa 20 Kilometern rund um H\u00f6xter.<br \/>\nZus\u00e4tzlich arbeite ich in einem Krei\u00dfsaal, wo ich Geburten begleite und die urspr\u00fcngliche, achtsame Geburtshilfe taglich erleben und leben darf.<br \/>\nDiese Kombination aus au\u00dferklinischer und klinischer Arbeit erm\u00f6glicht mir eine ganzheitliche Betreuung individuell, sicher und auf Augenh\u00f6he.<br \/>\nMeine Leistungen i<br \/>\n* Vorsorgeuntersuchungen w\u00e4hrend der Schwangerschaft<br \/>\n* Unterst\u00fctzung bei Schwangerschaftsbeschwerden<br \/>\n* Blutabnahmen und Weiterleitung zur Analyse ins<br \/>\nFachlabor<br \/>\n* Geburtsvorbereitungskurse<br \/>\n* Wochenbettbetreuung bei euch zu Hause<br \/>\n* Stillberatung &amp; Beratung zur Beikost<br \/>\n* R\u00fcckbildungsgymnastik mit Kind<br \/>\n* Sprechstunde nach individueller Vereinbarung<br \/>\n* Betreuung auch in englischer Sprache m\u00f6glich<br \/>\n* Schwangerschaftsyoga<br \/>\n* Kinesio-Taping<br \/>\nEure<br \/>\nHebamme Lena Wefers<br \/>\nPfennigbreite 1<br \/>\n37671 H\u00f6xter<\/p>\n<p class=\"p2\"><span class=\"s1\">Bitte melden Sie sich bei mir fr\u00fchzeitig, am besten sobald Sie wissen das Sie schwanger sind unter der Handy: 016097390816<\/span><\/p>\n[\/column]\n[\/row]\n","protected":false},"excerpt":{"rendered":"<p>Lena Wefers Hebamme aus H\u00f6xter f\u00fcr H\u00f6xter und Umgebung Holzminden. Hebamme &amp; K-Taping Therapeutin. Ich biete Betreuung und Kursangebote in der Schwangerschaft, dem Wochenbett und mit Ihrem Baby. Mit viel Herz, fundiertem Fachwissen und gro\u00dfem Einf\u00fchlungsverm\u00f6gen begleite ich werdende Mamas und junge Familien auf ihrem ganz besonderen Weg von der Schwangerschaft bis in die erste [&hellip;]<\/p>\n","protected":false},"author":1,"featured_media":0,"parent":0,"menu_order":0,"comment_status":"closed","ping_status":"closed","template":"","meta":{"footnotes":""},"class_list":["post-9","page","type-page","status-publish","hentry"],"_links":{"self":[{"href":"https:\/\/hebammenpraxis-h\u00f6xter.de\/index.php?rest_route=\/wp\/v2\/pages\/9","targetHints":{"allow":["GET"]}}],"collection":[{"href":"https:\/\/hebammenpraxis-h\u00f6xter.de\/index.php?rest_route=\/wp\/v2\/pages"}],"about":[{"href":"https:\/\/hebammenpraxis-h\u00f6xter.de\/index.php?rest_route=\/wp\/v2\/types\/page"}],"author":[{"embeddable":true,"href":"https:\/\/hebammenpraxis-h\u00f6xter.de\/index.php?rest_route=\/wp\/v2\/users\/1"}],"replies":[{"embeddable":true,"href":"https:\/\/hebammenpraxis-h\u00f6xter.de\/index.php?rest_route=%2Fwp%2Fv2%2Fcomments&post=9"}],"version-history":[{"count":28,"href":"https:\/\/hebammenpraxis-h\u00f6xter.de\/index.php?rest_route=\/wp\/v2\/pages\/9\/revisions"}],"predecessor-version":[{"id":439,"href":"https:\/\/hebammenpraxis-h\u00f6xter.de\/index.php?rest_route=\/wp\/v2\/pages\/9\/revisions\/439"}],"wp:attachment":[{"href":"https:\/\/hebammenpraxis-h\u00f6xter.de\/index.php?rest_route=%2Fwp%2Fv2%2Fmedia&parent=9"}],"curies":[{"name":"wp","href":"https:\/\/api.w.org\/{rel}","templated":true}]}}